{"id":67,"date":"2026-03-04T20:02:34","date_gmt":"2026-03-04T20:02:34","guid":{"rendered":"https:\/\/lepetitbonheur-tonneins.fr\/?page_id=67"},"modified":"2026-04-11T16:05:29","modified_gmt":"2026-04-11T16:05:29","slug":"base","status":"publish","type":"page","link":"https:\/\/lepetitbonheur-tonneins.fr\/","title":{"rendered":"Base"},"content":{"rendered":"\t\t<div data-elementor-type=\"wp-page\" data-elementor-id=\"67\" class=\"elementor elementor-67\">\n\t\t\t\t<div class=\"elementor-element elementor-element-4a7efa1 e-con-full e-flex e-con e-parent\" data-id=\"4a7efa1\" data-element_type=\"container\" data-e-type=\"container\" data-settings=\"{&quot;background_background&quot;:&quot;classic&quot;}\">\n\t\t\t\t<div class=\"elementor-element elementor-element-95ad0db elementor-widget elementor-widget-spacer\" data-id=\"95ad0db\" data-element_type=\"widget\" data-e-type=\"widget\" data-widget_type=\"spacer.default\">\n\t\t\t\t\t\t\t<div class=\"elementor-spacer\">\n\t\t\t<div class=\"elementor-spacer-inner\"><\/div>\n\t\t<\/div>\n\t\t\t\t\t\t<\/div>\n\t\t\t\t<div class=\"elementor-element elementor-element-93702eb elementor-widget elementor-widget-heading\" data-id=\"93702eb\" data-element_type=\"widget\" data-e-type=\"widget\" data-widget_type=\"heading.default\">\n\t\t\t\t\t<h2 class=\"elementor-heading-title elementor-size-default\"><h2 data-elementor-setting-key=\"title\"><font color=\"#FFFFF\" face=\"Garamond\"><span style=\"font-size: 30px\">-bar, caf\u00e9-<\/span><\/font><\/h2><\/h2>\t\t\t\t<\/div>\n\t\t\t\t<div class=\"elementor-element elementor-element-278c748 elementor-widget elementor-widget-heading\" data-id=\"278c748\" data-element_type=\"widget\" data-e-type=\"widget\" data-widget_type=\"heading.default\">\n\t\t\t\t\t<h2 class=\"elementor-heading-title elementor-size-default\">Le Petit <br>Bonheur<\/h2>\t\t\t\t<\/div>\n\t\t\t\t<\/div>\n\t\t<div class=\"elementor-element elementor-element-4452b26 e-grid e-con-boxed e-con e-parent\" data-id=\"4452b26\" data-element_type=\"container\" data-e-type=\"container\">\n\t\t\t\t\t<div class=\"e-con-inner\">\n\t\t\t\t<div class=\"elementor-element elementor-element-4710c92 elementor-widget elementor-widget-image\" data-id=\"4710c92\" data-element_type=\"widget\" data-e-type=\"widget\" data-widget_type=\"image.default\">\n\t\t\t\t\t\t\t\t\t\t\t\t\t\t\t<img fetchpriority=\"high\" decoding=\"async\" width=\"398\" height=\"620\" src=\"https:\/\/lepetitbonheur-tonneins.fr\/wp-content\/uploads\/2026\/03\/im1.png\" class=\"attachment-large size-large wp-image-50\" alt=\"\" srcset=\"https:\/\/lepetitbonheur-tonneins.fr\/wp-content\/uploads\/2026\/03\/im1.png 398w, https:\/\/lepetitbonheur-tonneins.fr\/wp-content\/uploads\/2026\/03\/im1-193x300.png 193w\" sizes=\"(max-width: 398px) 100vw, 398px\" \/>\t\t\t\t\t\t\t\t\t\t\t\t\t\t\t<\/div>\n\t\t<div class=\"elementor-element elementor-element-8679bb5 e-con-full e-flex e-con e-child\" data-id=\"8679bb5\" data-element_type=\"container\" data-e-type=\"container\">\n\t\t\t\t<div class=\"elementor-element elementor-element-72d202c elementor-widget elementor-widget-heading\" data-id=\"72d202c\" data-element_type=\"widget\" data-e-type=\"widget\" data-widget_type=\"heading.default\">\n\t\t\t\t\t<h2 class=\"elementor-heading-title elementor-size-default\"><h2 data-elementor-setting-key=\"title\"><font color=\"#380000\" face=\"Garamond\"><span style=\"font-size: 45px\">-\u00e0 savoir-<\/span><\/font><\/h2><\/h2>\t\t\t\t<\/div>\n\t\t\t\t<div class=\"elementor-element elementor-element-157209d elementor-widget elementor-widget-heading\" data-id=\"157209d\" data-element_type=\"widget\" data-e-type=\"widget\" data-widget_type=\"heading.default\">\n\t\t\t\t\t<h2 class=\"elementor-heading-title elementor-size-default\">Notre bar sans alcool<\/h2>\t\t\t\t<\/div>\n\t\t\t\t<div class=\"elementor-element elementor-element-e1c6744 elementor-widget elementor-widget-text-editor\" data-id=\"e1c6744\" data-element_type=\"widget\" data-e-type=\"widget\" data-widget_type=\"text-editor.default\">\n\t\t\t\t\t\t\t\t\t<p class=\"font_8\" style=\"line-height: 1.7em;\">Ouvert depuis 2016, le Petit Bonheur a \u00e9t\u00e9 fond\u00e9 \u00e0 Tonneins, <span style=\"font-weight: bold;\">juste \u00e0 c\u00f4t\u00e9 de la gare<\/span> pour permettre \u00e0 tous de se rafraichir ou de se r\u00e9chauffer en fonction des envies de chacun.<\/p>\t\t\t\t\t\t\t\t<\/div>\n\t\t\t\t<div class=\"elementor-element elementor-element-a3f46bf elementor-widget elementor-widget-text-editor\" data-id=\"a3f46bf\" data-element_type=\"widget\" data-e-type=\"widget\" data-widget_type=\"text-editor.default\">\n\t\t\t\t\t\t\t\t\t<p class=\"font_8\" style=\"margin-block-end: 0px; color: #380000; font-family: Enriqueta, sans-serif; font-size: 17px; line-height: 1.7em;\"><span style=\"letter-spacing: 0px; font-size: 19.2173px;\">L&rsquo;association permet \u00e9galement \u00e0 la population tonneinquaise de passer des moments de d\u00e9tente accompagn\u00e9 d&rsquo;une petite glace lorsqu&rsquo;il fait chaud. Le Petit Bonheur est avant tout un espace de rencontres, de dialogue, de tranquillit\u00e9, de cr\u00e9ativit\u00e9, de pr\u00e9vention, libre d\u2019acc\u00e8s.<\/span><\/p>\t\t\t\t\t\t\t\t<\/div>\n\t\t\t\t<div class=\"elementor-element elementor-element-c9af414 elementor-widget elementor-widget-text-editor\" data-id=\"c9af414\" data-element_type=\"widget\" data-e-type=\"widget\" data-widget_type=\"text-editor.default\">\n\t\t\t\t\t\t\t\t\t<p class=\"font_8\" style=\"line-height: 1.7em;\">Des ateliers et activit\u00e9s sont organis\u00e9s tous les jours que ce soit pour s&rsquo;amuser ou pour se d\u00e9penser, vous trouverez ce qui vous convient.<\/p>\t\t\t\t\t\t\t\t<\/div>\n\t\t\t\t<\/div>\n\t\t\t\t\t<\/div>\n\t\t\t\t<\/div>\n\t\t<div class=\"elementor-element elementor-element-266a819 e-flex e-con-boxed e-con e-parent\" data-id=\"266a819\" data-element_type=\"container\" data-e-type=\"container\">\n\t\t\t\t\t<div class=\"e-con-inner\">\n\t\t\t\t<div class=\"elementor-element elementor-element-b9d8db8 elementor-widget elementor-widget-heading\" data-id=\"b9d8db8\" data-element_type=\"widget\" data-e-type=\"widget\" data-widget_type=\"heading.default\">\n\t\t\t\t\t<h2 class=\"elementor-heading-title elementor-size-default\"><h2 data-elementor-setting-key=\"title\"><font color=\"#380000\" face=\"Garamond\"><span style=\"font-size: 45px\">-programme-<\/span><\/font><\/h2><\/h2>\t\t\t\t<\/div>\n\t\t\t\t<div class=\"elementor-element elementor-element-3e8bfc3 elementor-widget elementor-widget-heading\" data-id=\"3e8bfc3\" data-element_type=\"widget\" data-e-type=\"widget\" data-widget_type=\"heading.default\">\n\t\t\t\t\t<h2 class=\"elementor-heading-title elementor-size-default\">Le planning d'activit\u00e9 d'avril<\/h2>\t\t\t\t<\/div>\n\t\t\t\t<div class=\"elementor-element elementor-element-862e7c1 elementor-widget elementor-widget-image\" data-id=\"862e7c1\" data-element_type=\"widget\" data-e-type=\"widget\" data-widget_type=\"image.default\">\n\t\t\t\t\t\t\t\t\t\t\t\t\t\t\t<img decoding=\"async\" width=\"740\" height=\"534\" src=\"https:\/\/lepetitbonheur-tonneins.fr\/wp-content\/uploads\/2026\/04\/avril.png\" class=\"attachment-large size-large wp-image-153\" alt=\"\" srcset=\"https:\/\/lepetitbonheur-tonneins.fr\/wp-content\/uploads\/2026\/04\/avril.png 740w, https:\/\/lepetitbonheur-tonneins.fr\/wp-content\/uploads\/2026\/04\/avril-300x216.png 300w\" sizes=\"(max-width: 740px) 100vw, 740px\" \/>\t\t\t\t\t\t\t\t\t\t\t\t\t\t\t<\/div>\n\t\t<div class=\"elementor-element elementor-element-515ef3f e-con-full e-flex e-con e-child\" data-id=\"515ef3f\" data-element_type=\"container\" data-e-type=\"container\">\n\t\t\t\t<div class=\"elementor-element elementor-element-d042e11 elementor-widget elementor-widget-heading\" data-id=\"d042e11\" data-element_type=\"widget\" data-e-type=\"widget\" data-widget_type=\"heading.default\">\n\t\t\t\t\t<h2 class=\"elementor-heading-title elementor-size-default\"><h2 data-elementor-setting-key=\"title\"><font color=\"#380000\" face=\"Garamond\"><span style=\"font-size: 45px\">-\u00e9v\u00e8nements-<\/span><\/font><\/h2><\/h2>\t\t\t\t<\/div>\n\t\t\t\t<div class=\"elementor-element elementor-element-cdd3c94 elementor-widget elementor-widget-heading\" data-id=\"cdd3c94\" data-element_type=\"widget\" data-e-type=\"widget\" data-widget_type=\"heading.default\">\n\t\t\t\t\t<h2 class=\"elementor-heading-title elementor-size-default\">Grands \u00e9v\u00e8nements \u00e0 venir<\/h2>\t\t\t\t<\/div>\n\t\t<div class=\"elementor-element elementor-element-e0f0160 e-grid e-con-full e-con e-child\" data-id=\"e0f0160\" data-element_type=\"container\" data-e-type=\"container\">\n\t\t\t\t<div class=\"elementor-element elementor-element-3e91eb4 elementor-widget elementor-widget-image\" data-id=\"3e91eb4\" data-element_type=\"widget\" data-e-type=\"widget\" data-widget_type=\"image.default\">\n\t\t\t\t\t\t\t\t\t\t\t\t\t\t\t<img decoding=\"async\" width=\"318\" height=\"375\" src=\"https:\/\/lepetitbonheur-tonneins.fr\/wp-content\/uploads\/2026\/04\/evntAvril1.jpg\" class=\"attachment-large size-large wp-image-155\" alt=\"\" srcset=\"https:\/\/lepetitbonheur-tonneins.fr\/wp-content\/uploads\/2026\/04\/evntAvril1.jpg 318w, https:\/\/lepetitbonheur-tonneins.fr\/wp-content\/uploads\/2026\/04\/evntAvril1-254x300.jpg 254w\" sizes=\"(max-width: 318px) 100vw, 318px\" \/>\t\t\t\t\t\t\t\t\t\t\t\t\t\t\t<\/div>\n\t\t\t\t<div class=\"elementor-element elementor-element-4534d31 elementor-widget elementor-widget-image\" data-id=\"4534d31\" data-element_type=\"widget\" data-e-type=\"widget\" data-widget_type=\"image.default\">\n\t\t\t\t\t\t\t\t\t\t\t\t\t\t\t<img loading=\"lazy\" decoding=\"async\" width=\"318\" height=\"375\" src=\"https:\/\/lepetitbonheur-tonneins.fr\/wp-content\/uploads\/2026\/04\/evntAvril2.jpg\" class=\"attachment-large size-large wp-image-156\" alt=\"\" srcset=\"https:\/\/lepetitbonheur-tonneins.fr\/wp-content\/uploads\/2026\/04\/evntAvril2.jpg 318w, https:\/\/lepetitbonheur-tonneins.fr\/wp-content\/uploads\/2026\/04\/evntAvril2-254x300.jpg 254w\" sizes=\"(max-width: 318px) 100vw, 318px\" \/>\t\t\t\t\t\t\t\t\t\t\t\t\t\t\t<\/div>\n\t\t\t\t<div class=\"elementor-element elementor-element-a0bd2f5 elementor-widget elementor-widget-image\" data-id=\"a0bd2f5\" data-element_type=\"widget\" data-e-type=\"widget\" data-widget_type=\"image.default\">\n\t\t\t\t\t\t\t\t\t\t\t\t\t\t\t<img loading=\"lazy\" decoding=\"async\" width=\"315\" height=\"379\" src=\"https:\/\/lepetitbonheur-tonneins.fr\/wp-content\/uploads\/2026\/04\/evntAvril3.jpg\" class=\"attachment-large size-large wp-image-157\" alt=\"\" srcset=\"https:\/\/lepetitbonheur-tonneins.fr\/wp-content\/uploads\/2026\/04\/evntAvril3.jpg 315w, https:\/\/lepetitbonheur-tonneins.fr\/wp-content\/uploads\/2026\/04\/evntAvril3-249x300.jpg 249w\" sizes=\"(max-width: 315px) 100vw, 315px\" \/>\t\t\t\t\t\t\t\t\t\t\t\t\t\t\t<\/div>\n\t\t\t\t<\/div>\n\t\t\t\t<div class=\"elementor-element elementor-element-d65d193 elementor-widget elementor-widget-text-editor\" data-id=\"d65d193\" data-element_type=\"widget\" data-e-type=\"widget\" data-widget_type=\"text-editor.default\">\n\t\t\t\t\t\t\t\t\t<p>D&rsquo;autres \u00e9v\u00e8nements arrivent, restez \u00e0 l&rsquo;aff\u00fbt !<\/p>\t\t\t\t\t\t\t\t<\/div>\n\t\t\t\t<\/div>\n\t\t\t\t\t<\/div>\n\t\t\t\t<\/div>\n\t\t<div class=\"elementor-element elementor-element-ae88bd3 e-flex e-con-boxed e-con e-parent\" data-id=\"ae88bd3\" data-element_type=\"container\" data-e-type=\"container\">\n\t\t\t\t\t<div class=\"e-con-inner\">\n\t\t\t\t<div class=\"elementor-element elementor-element-77703c1 elementor-widget__width-inherit elementor-absolute elementor-widget elementor-widget-google_maps\" data-id=\"77703c1\" data-element_type=\"widget\" data-e-type=\"widget\" data-settings=\"{&quot;_position&quot;:&quot;absolute&quot;}\" data-widget_type=\"google_maps.default\">\n\t\t\t\t\t\t\t<div class=\"elementor-custom-embed\">\n\t\t\t<iframe loading=\"lazy\"\n\t\t\t\t\tsrc=\"https:\/\/maps.google.com\/maps?q=Le%20Petit%20Bonheur%20Tonneins&#038;t=m&#038;z=16&#038;output=embed&#038;iwloc=near\"\n\t\t\t\t\ttitle=\"Le Petit Bonheur Tonneins\"\n\t\t\t\t\taria-label=\"Le Petit Bonheur Tonneins\"\n\t\t\t><\/iframe>\n\t\t<\/div>\n\t\t\t\t\t\t<\/div>\n\t\t\t\t\t<\/div>\n\t\t\t\t<\/div>\n\t\t<div class=\"elementor-element elementor-element-b495288 e-flex e-con-boxed e-con e-parent\" data-id=\"b495288\" data-element_type=\"container\" data-e-type=\"container\" data-settings=\"{&quot;background_background&quot;:&quot;classic&quot;}\">\n\t\t\t\t\t<div class=\"e-con-inner\">\n\t\t<footer class=\"elementor-element elementor-element-b1db6e3 e-grid e-con-full e-con e-child\" data-id=\"b1db6e3\" data-element_type=\"container\" data-e-type=\"container\">\n\t\t\t\t<div class=\"elementor-element elementor-element-7ba283f elementor-widget elementor-widget-image\" data-id=\"7ba283f\" data-element_type=\"widget\" data-e-type=\"widget\" data-widget_type=\"image.default\">\n\t\t\t\t\t\t\t\t\t\t\t\t\t\t\t<img loading=\"lazy\" decoding=\"async\" width=\"147\" height=\"112\" src=\"https:\/\/lepetitbonheur-tonneins.fr\/wp-content\/uploads\/2026\/03\/logoMod.png\" class=\"attachment-large size-large wp-image-130\" alt=\"\" \/>\t\t\t\t\t\t\t\t\t\t\t\t\t\t\t<\/div>\n\t\t\t\t<div class=\"elementor-element elementor-element-a472144 elementor-widget elementor-widget-heading\" data-id=\"a472144\" data-element_type=\"widget\" data-e-type=\"widget\" data-widget_type=\"heading.default\">\n\t\t\t\t\t<h2 class=\"elementor-heading-title elementor-size-default\">Le Petit Bonheur<\/h2>\t\t\t\t<\/div>\n\t\t\t\t<div class=\"elementor-element elementor-element-e8af252 elementor-widget elementor-widget-image\" data-id=\"e8af252\" data-element_type=\"widget\" data-e-type=\"widget\" data-widget_type=\"image.default\">\n\t\t\t\t\t\t\t\t\t\t\t\t\t\t\t<img loading=\"lazy\" decoding=\"async\" width=\"147\" height=\"112\" src=\"https:\/\/lepetitbonheur-tonneins.fr\/wp-content\/uploads\/2026\/03\/logoMod.png\" class=\"attachment-large size-large wp-image-130\" alt=\"\" \/>\t\t\t\t\t\t\t\t\t\t\t\t\t\t\t<\/div>\n\t\t\t\t<\/footer>\n\t\t\t\t\t<\/div>\n\t\t\t\t<\/div>\n\t\t\t\t<\/div>\n\t\t","protected":false},"excerpt":{"rendered":"<p>-bar, caf\u00e9- Le Petit Bonheur -\u00e0 savoir- Notre bar sans alcool Ouvert depuis 2016, le Petit Bonheur a \u00e9t\u00e9 fond\u00e9 \u00e0 Tonneins, juste \u00e0 c\u00f4t\u00e9 de la gare pour permettre \u00e0 tous de se rafraichir ou de se r\u00e9chauffer en fonction des envies de chacun. L&rsquo;association permet \u00e9galement \u00e0 la population tonneinquaise de passer des [&hellip;]<\/p>\n","protected":false},"author":2,"featured_media":0,"parent":2,"menu_order":0,"comment_status":"closed","ping_status":"closed","template":"elementor_canvas","meta":{"footnotes":""},"class_list":["post-67","page","type-page","status-publish","hentry"],"_links":{"self":[{"href":"https:\/\/lepetitbonheur-tonneins.fr\/index.php\/wp-json\/wp\/v2\/pages\/67","targetHints":{"allow":["GET"]}}],"collection":[{"href":"https:\/\/lepetitbonheur-tonneins.fr\/index.php\/wp-json\/wp\/v2\/pages"}],"about":[{"href":"https:\/\/lepetitbonheur-tonneins.fr\/index.php\/wp-json\/wp\/v2\/types\/page"}],"author":[{"embeddable":true,"href":"https:\/\/lepetitbonheur-tonneins.fr\/index.php\/wp-json\/wp\/v2\/users\/2"}],"replies":[{"embeddable":true,"href":"https:\/\/lepetitbonheur-tonneins.fr\/index.php\/wp-json\/wp\/v2\/comments?post=67"}],"version-history":[{"count":43,"href":"https:\/\/lepetitbonheur-tonneins.fr\/index.php\/wp-json\/wp\/v2\/pages\/67\/revisions"}],"predecessor-version":[{"id":178,"href":"https:\/\/lepetitbonheur-tonneins.fr\/index.php\/wp-json\/wp\/v2\/pages\/67\/revisions\/178"}],"up":[{"embeddable":true,"href":"https:\/\/lepetitbonheur-tonneins.fr\/index.php\/wp-json\/wp\/v2\/pages\/2"}],"wp:attachment":[{"href":"https:\/\/lepetitbonheur-tonneins.fr\/index.php\/wp-json\/wp\/v2\/media?parent=67"}],"curies":[{"name":"wp","href":"https:\/\/api.w.org\/{rel}","templated":true}]}}